{"id":68,"date":"2024-02-26T11:56:36","date_gmt":"2024-02-26T11:56:36","guid":{"rendered":"http:\/\/tomlux.de\/?page_id=68"},"modified":"2025-03-19T11:20:53","modified_gmt":"2025-03-19T11:20:53","slug":"tom-lux","status":"publish","type":"page","link":"http:\/\/tomlux.de\/","title":{"rendered":""},"content":{"rendered":"\t\t<div data-elementor-type=\"wp-page\" data-elementor-id=\"68\" class=\"elementor elementor-68\">\n\t\t\t\t<div class=\"elementor-element elementor-element-82873ee e-flex e-con-boxed e-con e-parent\" data-id=\"82873ee\" data-element_type=\"container\" data-settings=\"{&quot;background_background&quot;:&quot;classic&quot;,&quot;content_width&quot;:&quot;boxed&quot;}\" data-core-v316-plus=\"true\">\n\t\t\t\t\t<div class=\"e-con-inner\">\n\t\t\t\t<div class=\"elementor-element elementor-element-459f4b6 elementor-widget elementor-widget-heading\" data-id=\"459f4b6\" data-element_type=\"widget\" data-widget_type=\"heading.default\">\n\t\t\t\t<div class=\"elementor-widget-container\">\n\t\t\t<style>\/*! elementor - v3.19.0 - 26-02-2024 *\/\n.elementor-heading-title{padding:0;margin:0;line-height:1}.elementor-widget-heading .elementor-heading-title[class*=elementor-size-]>a{color:inherit;font-size:inherit;line-height:inherit}.elementor-widget-heading .elementor-heading-title.elementor-size-small{font-size:15px}.elementor-widget-heading .elementor-heading-title.elementor-size-medium{font-size:19px}.elementor-widget-heading .elementor-heading-title.elementor-size-large{font-size:29px}.elementor-widget-heading .elementor-heading-title.elementor-size-xl{font-size:39px}.elementor-widget-heading .elementor-heading-title.elementor-size-xxl{font-size:59px}<\/style><h2 class=\"elementor-heading-title elementor-size-default\">Tom Lux<\/h2>\t\t<\/div>\n\t\t\t\t<\/div>\n\t\t\t\t<div class=\"elementor-element elementor-element-956cb4b elementor-widget elementor-widget-text-editor\" data-id=\"956cb4b\" data-element_type=\"widget\" data-widget_type=\"text-editor.default\">\n\t\t\t\t<div class=\"elementor-widget-container\">\n\t\t\t<style>\/*! elementor - v3.19.0 - 26-02-2024 *\/\n.elementor-widget-text-editor.elementor-drop-cap-view-stacked .elementor-drop-cap{background-color:#69727d;color:#fff}.elementor-widget-text-editor.elementor-drop-cap-view-framed .elementor-drop-cap{color:#69727d;border:3px solid;background-color:transparent}.elementor-widget-text-editor:not(.elementor-drop-cap-view-default) .elementor-drop-cap{margin-top:8px}.elementor-widget-text-editor:not(.elementor-drop-cap-view-default) .elementor-drop-cap-letter{width:1em;height:1em}.elementor-widget-text-editor .elementor-drop-cap{float:left;text-align:center;line-height:1;font-size:50px}.elementor-widget-text-editor .elementor-drop-cap-letter{display:inline-block}<\/style>\t\t\t\t<p>Das neue Album ist da! Es hei\u00dft &#8222;Selfie&#8220; und ist das zweite Album des Singer\/Songwriter Tom Lux.<\/p><p>Es ist bei spotify, youtube, soundcloud etc. zu finden.<\/p>\t\t\t\t\t\t<\/div>\n\t\t\t\t<\/div>\n\t\t\t\t<div class=\"elementor-element elementor-element-380f6e1 elementor-widget elementor-widget-image\" data-id=\"380f6e1\" data-element_type=\"widget\" data-widget_type=\"image.default\">\n\t\t\t\t<div class=\"elementor-widget-container\">\n\t\t\t<style>\/*! elementor - v3.19.0 - 26-02-2024 *\/\n.elementor-widget-image{text-align:center}.elementor-widget-image a{display:inline-block}.elementor-widget-image a img[src$=\".svg\"]{width:48px}.elementor-widget-image img{vertical-align:middle;display:inline-block}<\/style>\t\t\t\t\t\t\t\t\t\t<img fetchpriority=\"high\" decoding=\"async\" width=\"768\" height=\"819\" src=\"http:\/\/tomlux.de\/wp-content\/uploads\/2024\/02\/TOM-LUX-23.1-768x819.jpg\" class=\"attachment-medium_large size-medium_large wp-image-28\" alt=\"\" srcset=\"http:\/\/tomlux.de\/wp-content\/uploads\/2024\/02\/TOM-LUX-23.1-768x819.jpg 768w, http:\/\/tomlux.de\/wp-content\/uploads\/2024\/02\/TOM-LUX-23.1-281x300.jpg 281w, http:\/\/tomlux.de\/wp-content\/uploads\/2024\/02\/TOM-LUX-23.1-961x1024.jpg 961w, http:\/\/tomlux.de\/wp-content\/uploads\/2024\/02\/TOM-LUX-23.1-1441x1536.jpg 1441w, http:\/\/tomlux.de\/wp-content\/uploads\/2024\/02\/TOM-LUX-23.1-1921x2048.jpg 1921w\" sizes=\"(max-width: 768px) 100vw, 768px\" \/>\t\t\t\t\t\t\t\t\t\t\t\t\t<\/div>\n\t\t\t\t<\/div>\n\t\t\t\t\t<\/div>\n\t\t\t\t<\/div>\n\t\t<div class=\"elementor-element elementor-element-73932cd e-con-full e-flex e-con e-parent\" data-id=\"73932cd\" data-element_type=\"container\" data-settings=\"{&quot;content_width&quot;:&quot;full&quot;}\" data-core-v316-plus=\"true\">\n\t\t\t\t<div class=\"elementor-element elementor-element-1d71f1e elementor-widget elementor-widget-text-editor\" data-id=\"1d71f1e\" data-element_type=\"widget\" data-widget_type=\"text-editor.default\">\n\t\t\t\t<div class=\"elementor-widget-container\">\n\t\t\t\t\t\t\t<p>Tom Lux neues Album k\u00f6nnte auch ein Konzeptalbum sein, sein Narrativ ist die Strasse und das Leben unterwegs. Die Strasse als Synonym f\u00fcr den Weg den man geht, wenn sonst nichts mehr geht, wenn man mal eine Pause braucht von allem, mal allein sein will oder den Kopf klar kriegen will. La Strada; The way we walk; Forrest Gump hat es gezeigt, Kerouac war ihr verbunden. Und irgendwo dazwischen gr\u00e4tscht das Leben rein. Im Guten wie im Komischen. \u201eWenn man durcheinander ist, sollte man sich eine Weile auf die Strasse begeben, sie r\u00fcckt wieder alles ins rechte Lot, sie erdet einen wieder.\u201c<\/p>\n<p>Lux hat seinen eigenen Humor, in der Musik wie in seinen Texten der unverkennbar gepr\u00e4gt ist von seiner Heimat dem Niederrhein, nie ganz direkt und auch nicht f\u00fcr jeden verst\u00e4ndlich. Seine Br\u00fcchigkeit und seine Melancholie entdeckt man erst sp\u00e4ter. Und das ist gut so. Er will nicht jeden erreichen, es bleibt alles klein, aber fein mit Zeilen wie\u201c &#8230;<em>ich lieg am Strand in meiner Sandburg und h\u00f6r den Wind der sie verweht<\/em>\u201c.<br>Seine Songs sind eing\u00e4ngig, irgendwo zwischen Pop, Folk und Singer-Songwriter, meist in kompletter Bandbesetzung.<br>Will man Vergleiche f\u00fcr Text oder Musik landet man irgendwo zwischen Olli Schulz, Gisbert oder dem jungen Udo.<br>Lux hat die meisten Instrumente selbst gespielt, es gibt ein paar B\u00e4sse, Gitarren und ein paar Backing Vocals von Freunden und ein wunderbares Duett (Ich bin dabei) mit \u201eLike Mint\u201c aus Berlin.<\/p>\n<p><em>\u201eSelfie ist ein grossartiges und rundes, trotzdem sperriges Album nicht f\u00fcr Jedermann, von einem der guten deutschen Songschreiber\u201c<\/em> Rhein Ruhr Express<\/p>\n<p>Live ist er allein unterwegs, Seine Solokonzerte am E-piano sind ausufernd, er hat seine Treter dabei, die manchmal simple Drumbeats dazugeben, oder seine Stimme bei Bedarf verzerren oder doppeln, setzt lange Echos drauf, dazu spielt er Piano, psychidelische Sounds und ausufernde Soli aus abgedrehten Kl\u00e4ngen oder halligen Orgelsounds. Wie macht er das alles alleine? Dann wieder lange virtuose Klaviersoli, bei denen irgendwo ein Bruce Hornsby oder Keith Jarrett um die Ecke schaut.<br>Manche Songs bekommen live eine ganz andere Farbe und Bedeutung als in der Albumversion.<br>Eigentlich k\u00f6nnte er direkt ein Livealbum der Songs hinterherschicken.<\/p>\t\t\t\t\t\t<\/div>\n\t\t\t\t<\/div>\n\t\t\t\t<\/div>\n\t\t<div class=\"elementor-element elementor-element-a749ebf e-flex e-con-boxed e-con e-parent\" data-id=\"a749ebf\" data-element_type=\"container\" data-settings=\"{&quot;content_width&quot;:&quot;boxed&quot;}\" data-core-v316-plus=\"true\">\n\t\t\t\t\t<div class=\"e-con-inner\">\n\t\t<div class=\"elementor-element elementor-element-0433611 e-flex e-con-boxed e-con e-child\" data-id=\"0433611\" data-element_type=\"container\" data-settings=\"{&quot;content_width&quot;:&quot;boxed&quot;}\">\n\t\t\t\t\t<div class=\"e-con-inner\">\n\t\t\t\t<div class=\"elementor-element elementor-element-ad56234 elementor-widget elementor-widget-video\" data-id=\"ad56234\" data-element_type=\"widget\" data-settings=\"{&quot;youtube_url&quot;:&quot;https:\\\/\\\/youtu.be\\\/YOl1g6srnQY?si=i3RT8DpuljjDT823&quot;,&quot;video_type&quot;:&quot;youtube&quot;,&quot;controls&quot;:&quot;yes&quot;}\" data-widget_type=\"video.default\">\n\t\t\t\t<div class=\"elementor-widget-container\">\n\t\t\t<style>\/*! elementor - v3.19.0 - 26-02-2024 *\/\n.elementor-widget-video .elementor-widget-container{overflow:hidden;transform:translateZ(0)}.elementor-widget-video .elementor-wrapper{aspect-ratio:var(--video-aspect-ratio)}.elementor-widget-video .elementor-wrapper iframe,.elementor-widget-video .elementor-wrapper video{height:100%;width:100%;display:flex;border:none;background-color:#000}@supports not (aspect-ratio:1\/1){.elementor-widget-video .elementor-wrapper{position:relative;overflow:hidden;height:0;padding-bottom:calc(100% \/ var(--video-aspect-ratio))}.elementor-widget-video .elementor-wrapper iframe,.elementor-widget-video .elementor-wrapper video{position:absolute;top:0;right:0;bottom:0;left:0}}.elementor-widget-video .elementor-open-inline .elementor-custom-embed-image-overlay{position:absolute;top:0;right:0;bottom:0;left:0;background-size:cover;background-position:50%}.elementor-widget-video .elementor-custom-embed-image-overlay{cursor:pointer;text-align:center}.elementor-widget-video .elementor-custom-embed-image-overlay:hover .elementor-custom-embed-play i{opacity:1}.elementor-widget-video .elementor-custom-embed-image-overlay img{display:block;width:100%;aspect-ratio:var(--video-aspect-ratio);-o-object-fit:cover;object-fit:cover;-o-object-position:center center;object-position:center center}@supports not (aspect-ratio:1\/1){.elementor-widget-video .elementor-custom-embed-image-overlay{position:relative;overflow:hidden;height:0;padding-bottom:calc(100% \/ var(--video-aspect-ratio))}.elementor-widget-video .elementor-custom-embed-image-overlay img{position:absolute;top:0;right:0;bottom:0;left:0}}.elementor-widget-video .e-hosted-video .elementor-video{-o-object-fit:cover;object-fit:cover}.e-con-inner>.elementor-widget-video,.e-con>.elementor-widget-video{width:var(--container-widget-width);--flex-grow:var(--container-widget-flex-grow)}<\/style>\t\t<div class=\"elementor-wrapper elementor-open-inline\">\n\t\t\t<div class=\"elementor-video\"><\/div>\t\t<\/div>\n\t\t\t\t<\/div>\n\t\t\t\t<\/div>\n\t\t\t\t\t<\/div>\n\t\t\t\t<\/div>\n\t\t\t\t<div class=\"elementor-element elementor-element-aae669c elementor-widget elementor-widget-video\" data-id=\"aae669c\" data-element_type=\"widget\" data-settings=\"{&quot;youtube_url&quot;:&quot;https:\\\/\\\/youtu.be\\\/yYgd4-fsUcc?si=I5Mgsdt0uav7UNB_&quot;,&quot;video_type&quot;:&quot;youtube&quot;,&quot;controls&quot;:&quot;yes&quot;}\" data-widget_type=\"video.default\">\n\t\t\t\t<div class=\"elementor-widget-container\">\n\t\t\t\t\t<div class=\"elementor-wrapper elementor-open-inline\">\n\t\t\t<div class=\"elementor-video\"><\/div>\t\t<\/div>\n\t\t\t\t<\/div>\n\t\t\t\t<\/div>\n\t\t\t\t\t<\/div>\n\t\t\t\t<\/div>\n\t\t<div class=\"elementor-element elementor-element-2db9e29 e-flex e-con-boxed e-con e-parent\" data-id=\"2db9e29\" data-element_type=\"container\" data-settings=\"{&quot;background_background&quot;:&quot;classic&quot;,&quot;content_width&quot;:&quot;boxed&quot;}\" data-core-v316-plus=\"true\">\n\t\t\t\t\t<div class=\"e-con-inner\">\n\t\t<div class=\"elementor-element elementor-element-d422891 e-con-full e-flex e-con e-child\" data-id=\"d422891\" data-element_type=\"container\" data-settings=\"{&quot;content_width&quot;:&quot;full&quot;}\">\n\t\t\t\t<div class=\"elementor-element elementor-element-154b8e7 elementor-widget elementor-widget-text-editor\" data-id=\"154b8e7\" data-element_type=\"widget\" data-widget_type=\"text-editor.default\">\n\t\t\t\t<div class=\"elementor-widget-container\">\n\t\t\t\t\t\t\t<p>Das erste Album von Tom Lux &#8222;Draussen ist die Fremde&#8220; erschien 2021<\/p>\n<p>und ist zu finden bei Spotify, Youtube etc..<\/p>\t\t\t\t\t\t<\/div>\n\t\t\t\t<\/div>\n\t\t\t\t<\/div>\n\t\t<div class=\"elementor-element elementor-element-e0cca92 e-con-full e-flex e-con e-child\" data-id=\"e0cca92\" data-element_type=\"container\" data-settings=\"{&quot;content_width&quot;:&quot;full&quot;}\">\n\t\t\t\t<div class=\"elementor-element elementor-element-d4afd1b elementor-widget elementor-widget-image\" data-id=\"d4afd1b\" data-element_type=\"widget\" data-widget_type=\"image.default\">\n\t\t\t\t<div class=\"elementor-widget-container\">\n\t\t\t\t\t\t\t\t\t\t\t\t\t<img decoding=\"async\" width=\"300\" height=\"277\" src=\"http:\/\/tomlux.de\/wp-content\/uploads\/2024\/03\/Bildschirmfoto-2024-03-05-um-17.23.24-300x277.png\" class=\"attachment-medium size-medium wp-image-131\" alt=\"\" srcset=\"http:\/\/tomlux.de\/wp-content\/uploads\/2024\/03\/Bildschirmfoto-2024-03-05-um-17.23.24-300x277.png 300w, http:\/\/tomlux.de\/wp-content\/uploads\/2024\/03\/Bildschirmfoto-2024-03-05-um-17.23.24-1024x945.png 1024w, http:\/\/tomlux.de\/wp-content\/uploads\/2024\/03\/Bildschirmfoto-2024-03-05-um-17.23.24-768x709.png 768w, http:\/\/tomlux.de\/wp-content\/uploads\/2024\/03\/Bildschirmfoto-2024-03-05-um-17.23.24.png 1168w\" sizes=\"(max-width: 300px) 100vw, 300px\" \/>\t\t\t\t\t\t\t\t\t\t\t\t\t<\/div>\n\t\t\t\t<\/div>\n\t\t\t\t<\/div>\n\t\t\t\t\t<\/div>\n\t\t\t\t<\/div>\n\t\t<div class=\"elementor-element elementor-element-f1a5250 e-flex e-con-boxed e-con e-parent\" data-id=\"f1a5250\" data-element_type=\"container\" data-settings=\"{&quot;content_width&quot;:&quot;boxed&quot;}\" data-core-v316-plus=\"true\">\n\t\t\t\t\t<div class=\"e-con-inner\">\n\t\t\t\t<div class=\"elementor-element elementor-element-b296938 elementor-widget elementor-widget-text-editor\" data-id=\"b296938\" data-element_type=\"widget\" data-widget_type=\"text-editor.default\">\n\t\t\t\t<div class=\"elementor-widget-container\">\n\t\t\t\t\t\t\t<p><strong>Kontakt:\u00a0\u00a0\u00a0\u00a0\u00a0\u00a0\u00a0\u00a0 <span style=\"text-decoration: underline;\">a.dziuk@gmx.de\u00a0\u00a0<\/span> \u00a0 \u00a0 \u00a0 \u00a0 \u00a0 \u00a0 \u00a0 \u00a0 Telefon: +49 1774018616<\/strong><\/p>\t\t\t\t\t\t<\/div>\n\t\t\t\t<\/div>\n\t\t\t\t\t<\/div>\n\t\t\t\t<\/div>\n\t\t\t\t<\/div>\n\t\t","protected":false},"excerpt":{"rendered":"<p>Tom Lux Das neue Album ist da! Es hei\u00dft &#8222;Selfie&#8220; und ist das zweite Album des Singer\/Songwriter Tom Lux. Es ist bei spotify, youtube, soundcloud etc. zu finden. Tom Lux neues Album k\u00f6nnte auch ein Konzeptalbum sein, sein Narrativ ist die Strasse und das Leben unterwegs. Die Strasse als Synonym f\u00fcr den Weg den man [&hellip;]<\/p>\n","protected":false},"author":1,"featured_media":0,"parent":0,"menu_order":0,"comment_status":"closed","ping_status":"closed","template":"","meta":{"footnotes":""},"class_list":["post-68","page","type-page","status-publish","hentry"],"_links":{"self":[{"href":"http:\/\/tomlux.de\/index.php?rest_route=\/wp\/v2\/pages\/68","targetHints":{"allow":["GET"]}}],"collection":[{"href":"http:\/\/tomlux.de\/index.php?rest_route=\/wp\/v2\/pages"}],"about":[{"href":"http:\/\/tomlux.de\/index.php?rest_route=\/wp\/v2\/types\/page"}],"author":[{"embeddable":true,"href":"http:\/\/tomlux.de\/index.php?rest_route=\/wp\/v2\/users\/1"}],"replies":[{"embeddable":true,"href":"http:\/\/tomlux.de\/index.php?rest_route=%2Fwp%2Fv2%2Fcomments&post=68"}],"version-history":[{"count":59,"href":"http:\/\/tomlux.de\/index.php?rest_route=\/wp\/v2\/pages\/68\/revisions"}],"predecessor-version":[{"id":165,"href":"http:\/\/tomlux.de\/index.php?rest_route=\/wp\/v2\/pages\/68\/revisions\/165"}],"wp:attachment":[{"href":"http:\/\/tomlux.de\/index.php?rest_route=%2Fwp%2Fv2%2Fmedia&parent=68"}],"curies":[{"name":"wp","href":"https:\/\/api.w.org\/{rel}","templated":true}]}}